{"id":406,"date":"2023-06-19T17:26:54","date_gmt":"2023-06-19T17:26:54","guid":{"rendered":"https:\/\/seo-montreal.com\/?page_id=406"},"modified":"2023-06-30T14:05:00","modified_gmt":"2023-06-30T14:05:00","slug":"subvention-pcan","status":"publish","type":"page","link":"https:\/\/seo-montreal.com\/fr\/subvention-pcan\/","title":{"rendered":"Subvention PCAN"},"content":{"rendered":"\n\n\t<section class=\"section\" id=\"section_136929768\">\n\t\t<div class=\"section-bg fill\" >\n\t\t\t\t\t\t\t\t\t\n\t\t\t\n\t<div class=\"is-border\"\n\t\tstyle=\"border-color:rgb(235, 235, 235);border-width:1px 0px 0px 0px;\">\n\t<\/div>\n\n\t\t<\/div>\n\n\t\t\n\n\t\t<div class=\"section-content relative\">\n\t\t\t\n\n<div class=\"row row-large align-middle align-center\"  id=\"row-941089285\">\n\n\n\t<div id=\"col-449349491\" class=\"col medium-6 small-12 large-6\"  >\n\t\t\t\t<div class=\"col-inner text-center\"  >\n\t\t\t\n\t\t\t\n\n\t<div id=\"text-3926380422\" class=\"text\">\n\t\t\n\n<h1 style=\"text-align: left;\"><span style=\"font-size: 100%;\" data-text-color=\"secondary\">Obtenez jusqu&rsquo;\u00e0 2 400 $ pour d\u00e9velopper le volet num\u00e9rique de votre entreprise <\/span><\/h1>\n\t\t\n<style>\n#text-3926380422 {\n  font-size: 1.5rem;\n}\n<\/style>\n\t<\/div>\n\t\n\t<div id=\"text-3846834313\" class=\"text\">\n\t\t\n\n<p>Optimisez votre pr\u00e9sence en ligne avec un investissement de 2 400 $, que ce soit pour la cr\u00e9ation d&rsquo;un nouveau site web, la refonte de votre site actuel, une campagne marketing ou tout autre projet num\u00e9rique. Vous pouvez utiliser cette somme pour renforcer votre visibilit\u00e9 sur le web et atteindre vos objectifs num\u00e9riques.<\/p>\n\t\t\n<style>\n#text-3846834313 {\n  font-size: 1.15rem;\n  text-align: left;\n  color: rgb(255,255,255);\n}\n#text-3846834313 > * {\n  color: rgb(255,255,255);\n}\n<\/style>\n\t<\/div>\n\t\n\t<div id=\"text-3102936154\" class=\"text\">\n\t\t\n\n<h2><span data-text-color=\"secondary\">Crit\u00e8res d&rsquo;\u00e9ligibilit\u00e9 :<\/span><\/h2>\n<ul>\n<li class=\"bullet-checkmark\">\u00catre une entreprise B2C \u00e0 but lucratif enregistr\u00e9e ou incorpor\u00e9e.<\/li>\n<li class=\"bullet-checkmark\">Avoir au moins un\u00b7e employ\u00e9\u00b7e en poste depuis plus de 3 mois OU avoir au moins eu 30 000 $ de revenus annuels au cours de la derni\u00e8re ann\u00e9e fiscale.<\/li>\n<li class=\"bullet-checkmark\">S\u2019engager \u00e0 maintenir la strat\u00e9gie d\u2019adoption du num\u00e9rique pendant au moins six mois apr\u00e8s l\u2019intervention.<\/li>\n\t\t\n<style>\n#text-3102936154 {\n  text-align: left;\n  color: rgb(255,255,255);\n}\n#text-3102936154 > * {\n  color: rgb(255,255,255);\n}\n<\/style>\n\t<\/div>\n\t\n\t<div id=\"text-1071858057\" class=\"text\">\n\t\t\n\n<h2><span data-text-color=\"secondary\">C&rsquo;est quoi le PCAN-Qu\u00e9bec ?<\/span><\/h2>\n\t\t\n<style>\n#text-1071858057 {\n  text-align: left;\n}\n<\/style>\n\t<\/div>\n\t\n\t<div id=\"text-212996084\" class=\"text\">\n\t\t\n\n<p style=\"text-align: left;\">Le <strong>Programme canadien d&rsquo;adoption du num\u00e9rique (PCAN)<\/strong> a \u00e9t\u00e9 sp\u00e9cialement con\u00e7u pour aider les petites et moyennes entreprises (PME) \u00e0 exploiter pleinement les technologies num\u00e9riques. En offrant ces subventions, le programme vise \u00e0 soutenir jusqu&rsquo;\u00e0 160 000 PME gr\u00e2ce \u00e0 deux options de financement disponibles. Son objectif est de permettre aux entreprises de tirer parti des avantages offerts par le num\u00e9rique et de r\u00e9aliser leur plein potentiel.<\/p>\n\t\t\n<style>\n#text-212996084 {\n  color: rgb(255,255,255);\n}\n#text-212996084 > * {\n  color: rgb(255,255,255);\n}\n<\/style>\n\t<\/div>\n\t\n\n\t\t<\/div>\n\t\t\t\t\t<\/div>\n\n\t\n\n\t<div id=\"col-1924837838\" class=\"col medium-6 small-12 large-6\"  >\n\t\t\t\t<div class=\"col-inner box-shadow-2 box-shadow-5-hover\" style=\"background-color:rgb(255, 255, 255);\" >\n\t\t\t\n\t\t\t\n\n\t<div id=\"text-4122764951\" class=\"text\">\n\t\t\n\n<h2><strong>V\u00e9rifiez votre admissibilit\u00e9 aujourd&rsquo;hui !<\/strong><\/h2>\n\t\t\n<style>\n#text-4122764951 {\n  color: rgb(39, 48, 61);\n}\n#text-4122764951 > * {\n  color: rgb(39, 48, 61);\n}\n<\/style>\n\t<\/div>\n\t\n<p>\u00cates-vous pr\u00eat\u00b7e \u00e0 donner un coup de pouce \u00e0 votre entreprise? Compl\u00e9tez notre formulaire d\u00e8s maintenant et laissez notre \u00e9quipe vous accompagner tout au long du processus de demande de subvention. Nombre limit\u00e9 de subventions, agissez aujourd&rsquo;hui !<\/p>\n<div class=\"forminator-ui forminator-custom-form forminator-custom-form-410 forminator-design--flat  forminator_ajax\" data-forminator-render=\"0\" data-form=\"forminator-module-410\" data-uid=\"69f3047e63b43\"><br\/><\/div><form\n\t\t\t\tid=\"forminator-module-410\"\n\t\t\t\tclass=\"forminator-ui forminator-custom-form forminator-custom-form-410 forminator-design--flat  forminator_ajax\"\n\t\t\t\tmethod=\"post\"\n\t\t\t\tdata-forminator-render=\"0\"\n\t\t\t\tdata-form-id=\"410\"\n\t\t\t\t data-color-option=\"default\" data-design=\"flat\" data-grid=\"open\" style=\"display: none;\"\n\t\t\t\tdata-uid=\"69f3047e63b43\"\n\t\t\t><div role=\"alert\" aria-live=\"polite\" class=\"forminator-response-message forminator-error\" aria-hidden=\"true\"><\/div><div class=\"forminator-row\"><div id=\"name-1\" class=\"forminator-field-name forminator-col forminator-col-12 \"><div class=\"forminator-field\"><input type=\"text\" name=\"name-1\" value=\"\" placeholder=\"Votre nom\" id=\"forminator-field-name-1_69f3047e63b43\" class=\"forminator-input forminator-name--field\" aria-required=\"true\" autocomplete=\"name\" \/><\/div><\/div><\/div><div class=\"forminator-row\"><div id=\"email-1\" class=\"forminator-field-email forminator-col forminator-col-12 \"><div class=\"forminator-field\"><input type=\"email\" name=\"email-1\" value=\"\" placeholder=\"Votre courriel\" id=\"forminator-field-email-1_69f3047e63b43\" class=\"forminator-input forminator-email--field\" data-required=\"true\" aria-required=\"true\" autocomplete=\"email\" \/><\/div><\/div><\/div><div class=\"forminator-row\"><div id=\"phone-1\" class=\"forminator-field-phone forminator-col forminator-col-12 \"><div class=\"forminator-field\"><input type=\"text\" name=\"phone-1\" value=\"\" placeholder=\"No. t\u00e9l\u00e9phone (Facultatif)\" id=\"forminator-field-phone-1_69f3047e63b43\" class=\"forminator-input forminator-field--phone\" data-required=\"\" aria-required=\"false\" autocomplete=\"off\" data-validation=\"1\" \/><\/div><\/div><\/div><div class=\"forminator-row\"><div id=\"checkbox-1\" class=\"forminator-field-checkbox forminator-col forminator-col-12 \"><div role=\"group\" class=\"forminator-field\" aria-labelledby=\"forminator-checkbox-group-forminator-field-checkbox-1-69f3047e63b43-label\"><span id=\"forminator-checkbox-group-forminator-field-checkbox-1-69f3047e63b43-label\" class=\"forminator-label\">Quel projet comptez-vous r\u00e9aliser \u00e0 l&#039;aide de cette subvention ?<\/span><label id=\"forminator-field-checkbox-1-1-69f3047e63b43-label\" for=\"forminator-field-checkbox-1-1-69f3047e63b43\" class=\"forminator-checkbox\" title=\"Cr\u00e9ation de site Web\"><input type=\"checkbox\" name=\"checkbox-1[]\" value=\"one\" id=\"forminator-field-checkbox-1-1-69f3047e63b43\" aria-labelledby=\"forminator-field-checkbox-1-1-69f3047e63b43-label\" data-calculation=\"0\"   data-hidden-behavior=\"zero\"\/><span class=\"forminator-checkbox-box\" aria-hidden=\"true\"><\/span><span class=\"forminator-checkbox-label\">Cr\u00e9ation de site Web<\/span><\/label><label id=\"forminator-field-checkbox-1-2-69f3047e63b43-label\" for=\"forminator-field-checkbox-1-2-69f3047e63b43\" class=\"forminator-checkbox\" title=\"Refonte de site Web\"><input type=\"checkbox\" name=\"checkbox-1[]\" value=\"two\" id=\"forminator-field-checkbox-1-2-69f3047e63b43\" aria-labelledby=\"forminator-field-checkbox-1-2-69f3047e63b43-label\" data-calculation=\"0\"   data-hidden-behavior=\"zero\"\/><span class=\"forminator-checkbox-box\" aria-hidden=\"true\"><\/span><span class=\"forminator-checkbox-label\">Refonte de site Web<\/span><\/label><label id=\"forminator-field-checkbox-1-3-69f3047e63b43-label\" for=\"forminator-field-checkbox-1-3-69f3047e63b43\" class=\"forminator-checkbox\" title=\"Campagne de publicit\u00e9 en ligne\"><input type=\"checkbox\" name=\"checkbox-1[]\" value=\"Campagne-de-publicit\u00e9-en-ligne\" id=\"forminator-field-checkbox-1-3-69f3047e63b43\" aria-labelledby=\"forminator-field-checkbox-1-3-69f3047e63b43-label\" data-calculation=\"0\"   data-hidden-behavior=\"zero\"\/><span class=\"forminator-checkbox-box\" aria-hidden=\"true\"><\/span><span class=\"forminator-checkbox-label\">Campagne de publicit\u00e9 en ligne<\/span><\/label><label id=\"forminator-field-checkbox-1-4-69f3047e63b43-label\" for=\"forminator-field-checkbox-1-4-69f3047e63b43\" class=\"forminator-checkbox\" title=\"R\u00e9f\u00e9rencement organique (SEO)\"><input type=\"checkbox\" name=\"checkbox-1[]\" value=\"R\u00e9f\u00e9rencement-organique-(SEO)\" id=\"forminator-field-checkbox-1-4-69f3047e63b43\" aria-labelledby=\"forminator-field-checkbox-1-4-69f3047e63b43-label\" data-calculation=\"0\"   data-hidden-behavior=\"zero\"\/><span class=\"forminator-checkbox-box\" aria-hidden=\"true\"><\/span><span class=\"forminator-checkbox-label\">R\u00e9f\u00e9rencement organique (SEO)<\/span><\/label><label id=\"forminator-field-checkbox-1-5-69f3047e63b43-label\" for=\"forminator-field-checkbox-1-5-69f3047e63b43\" class=\"forminator-checkbox\" title=\"Autre\"><input type=\"checkbox\" name=\"checkbox-1[]\" value=\"Autre\" id=\"forminator-field-checkbox-1-5-69f3047e63b43\" aria-labelledby=\"forminator-field-checkbox-1-5-69f3047e63b43-label\" data-calculation=\"0\"   data-hidden-behavior=\"zero\"\/><span class=\"forminator-checkbox-box\" aria-hidden=\"true\"><\/span><span class=\"forminator-checkbox-label\">Autre<\/span><\/label><\/div><\/div><\/div><input type=\"hidden\" name=\"referer_url\" value=\"\" \/><div class=\"forminator-row forminator-row-last\"><div class=\"forminator-col\"><div class=\"forminator-field\"><button class=\"forminator-button forminator-button-submit\">Envoyer<\/button><\/div><\/div><\/div><input type=\"hidden\" id=\"forminator_nonce\" name=\"forminator_nonce\" value=\"eb9b20dc1e\" \/><input type=\"hidden\" name=\"_wp_http_referer\" value=\"\/fr\/wp-json\/wp\/v2\/pages\/406\" \/><input type=\"hidden\" name=\"form_id\" value=\"410\"><input type=\"hidden\" name=\"page_id\" value=\"406\"><input type=\"hidden\" name=\"form_type\" value=\"default\"><input type=\"hidden\" name=\"current_url\" value=\"https:\/\/seo-montreal.com\/fr\/subvention-pcan\/\"><input type=\"hidden\" name=\"render_id\" value=\"0\"><input type=\"hidden\" name=\"action\" value=\"forminator_submit_form_custom-forms\"><\/form><\/p>\n<div class=\"row\"  id=\"row-876678761\">\n\n\n\t<div id=\"col-1312257075\" class=\"col medium-6 small-12 large-6\"  >\n\t\t\t\t<div class=\"col-inner\"  >\n\t\t\t\n\t\t\t\n\n\t<div class=\"img has-hover x md-x lg-x y md-y lg-y\" id=\"image_203217682\">\n\t\t\t\t\t\t\t\t<div class=\"img-inner dark\" >\n\t\t\t<img loading=\"lazy\" decoding=\"async\" width=\"616\" height=\"159\" src=\"https:\/\/seo-montreal.com\/wp-content\/uploads\/2023\/06\/PCAN-logo.png.webp\" class=\"attachment-large size-large\" alt=\"\" srcset=\"https:\/\/seo-montreal.com\/wp-content\/uploads\/2023\/06\/PCAN-logo.png.webp 616w, https:\/\/seo-montreal.com\/wp-content\/uploads\/2023\/06\/PCAN-logo.png-300x77.webp 300w\" sizes=\"auto, (max-width: 616px) 100vw, 616px\" \/>\t\t\t\t\t\t\n\t\t\t\t\t<\/div>\n\t\t\t\t\t\t\t\t\n<style>\n#image_203217682 {\n  width: 100%;\n}\n<\/style>\n\t<\/div>\n\t\n\n\n\t\t<\/div>\n\t\t\t\t\t<\/div>\n\n\t\n\n\t<div id=\"col-754521648\" class=\"col medium-6 small-12 large-6\"  >\n\t\t\t\t<div class=\"col-inner\"  >\n\t\t\t\n\t\t\t\n\n\t<div class=\"img has-hover x md-x lg-x y md-y lg-y\" id=\"image_873506428\">\n\t\t\t\t\t\t\t\t<div class=\"img-inner dark\" style=\"margin:20px 0px 0px 0px;\">\n\t\t\t<img loading=\"lazy\" decoding=\"async\" width=\"345\" height=\"31\" src=\"https:\/\/seo-montreal.com\/wp-content\/uploads\/2023\/06\/ISED-Francais.png.png\" class=\"attachment-large size-large\" alt=\"\" srcset=\"https:\/\/seo-montreal.com\/wp-content\/uploads\/2023\/06\/ISED-Francais.png.png 345w, https:\/\/seo-montreal.com\/wp-content\/uploads\/2023\/06\/ISED-Francais.png-300x27.png 300w\" sizes=\"auto, (max-width: 345px) 100vw, 345px\" \/>\t\t\t\t\t\t\n\t\t\t\t\t<\/div>\n\t\t\t\t\t\t\t\t\n<style>\n#image_873506428 {\n  width: 100%;\n}\n<\/style>\n\t<\/div>\n\t\n\n\n\t\t<\/div>\n\t\t\t\t\t<\/div>\n\n\t\n\n<\/div>\n\n\t\t<\/div>\n\t\t\t\t\n<style>\n#col-1924837838 > .col-inner {\n  padding: 15px 15px 15px 15px;\n}\n<\/style>\n\t<\/div>\n\n\t\n\n<\/div>\n\n\t\t<\/div>\n\n\t\t\n<style>\n#section_136929768 {\n  padding-top: 59px;\n  padding-bottom: 59px;\n  min-height: 300px;\n  background-color: rgb(39, 48, 61);\n}\n<\/style>\n\t<\/section>\n\t\n\n\t<section class=\"section\" id=\"section_602146191\">\n\t\t<div class=\"section-bg fill\" >\n\t\t\t\t\t\t\t\t\t<div class=\"section-bg-overlay absolute fill\"><\/div>\n\t\t\t\n\n\t\t<\/div>\n\n\t\t\n\n\t\t<div class=\"section-content relative\">\n\t\t\t\n\n\t<div id=\"text-1552197921\" class=\"text\">\n\t\t\n\n<h2 style=\"text-align: center;\" data-line-height=\"xs\">Envoyez votre demande de subvention PCAN<\/h2>\n<h2 style=\"text-align: center;\" data-line-height=\"xs\">en quelques \u00e9tapes faciles<\/h2>\n\t\t\n<style>\n#text-1552197921 {\n  font-size: 1.95rem;\n  color: rgb(0,0,0);\n}\n#text-1552197921 > * {\n  color: rgb(0,0,0);\n}\n<\/style>\n\t<\/div>\n\t\n<div class=\"row\"  id=\"row-1444134561\">\n\n\n\t<div id=\"col-2058725819\" class=\"col medium-3 small-6 large-3\"  >\n\t\t\t\t<div class=\"col-inner\" style=\"background-color:rgb(255,255,255);\" >\n\t\t\t\n\t\t\t\n\n\t<div id=\"text-2126238421\" class=\"text\">\n\t\t\n\n<h3 class=\"text-center x-mt-6 x-mb-3\" style=\"text-align: left;\"><span data-text-color=\"alert\">1. S\u2019inscrire<\/span><\/h3>\n<p style=\"text-align: left;\">Lorem ipsum dolor sit amet, consectetuer adipiscing elit, sed diam nonummy nibh euismod tincidunt ut laoreet dolore magna aliquam erat volutpat.<\/p>\n\t\t\n<style>\n#text-2126238421 {\n  text-align: left;\n}\n<\/style>\n\t<\/div>\n\t\n\n\t\t<\/div>\n\t\t\t\t\n<style>\n#col-2058725819 > .col-inner {\n  padding: 15px 15px 15px 15px;\n}\n<\/style>\n\t<\/div>\n\n\t\n\n\t<div id=\"col-2022104867\" class=\"col medium-3 small-6 large-3\"  >\n\t\t\t\t<div class=\"col-inner\" style=\"background-color:rgb(255,255,255);\" >\n\t\t\t\n\t\t\t\n\n\t<div id=\"text-3229710940\" class=\"text\">\n\t\t\n\n<h3 class=\"text-center x-mt-6 x-mb-3\" style=\"text-align: left;\"><span data-text-color=\"alert\">1. S\u2019inscrire<\/span><\/h3>\n<p style=\"text-align: left;\">Lorem ipsum dolor sit amet, consectetuer adipiscing elit, sed diam nonummy nibh euismod tincidunt ut laoreet dolore magna aliquam erat volutpat.<\/p>\n\t\t\n<style>\n#text-3229710940 {\n  text-align: left;\n}\n<\/style>\n\t<\/div>\n\t\n\n\t\t<\/div>\n\t\t\t\t\n<style>\n#col-2022104867 > .col-inner {\n  padding: 15px 15px 15px 15px;\n}\n<\/style>\n\t<\/div>\n\n\t\n\n\t<div id=\"col-1543082995\" class=\"col medium-3 small-6 large-3\"  >\n\t\t\t\t<div class=\"col-inner\" style=\"background-color:rgb(255,255,255);\" >\n\t\t\t\n\t\t\t\n\n\t<div id=\"text-1547421828\" class=\"text\">\n\t\t\n\n<h3 class=\"text-center x-mt-6 x-mb-3\" style=\"text-align: left;\"><span data-text-color=\"alert\">1. S\u2019inscrire<\/span><\/h3>\n<p style=\"text-align: left;\">Lorem ipsum dolor sit amet, consectetuer adipiscing elit, sed diam nonummy nibh euismod tincidunt ut laoreet dolore magna aliquam erat volutpat.<\/p>\n\t\t\n<style>\n#text-1547421828 {\n  text-align: left;\n}\n<\/style>\n\t<\/div>\n\t\n\n\t\t<\/div>\n\t\t\t\t\n<style>\n#col-1543082995 > .col-inner {\n  padding: 15px 15px 15px 15px;\n}\n<\/style>\n\t<\/div>\n\n\t\n\n\t<div id=\"col-1731982672\" class=\"col medium-3 small-6 large-3\"  >\n\t\t\t\t<div class=\"col-inner\" style=\"background-color:rgb(255,255,255);\" >\n\t\t\t\n\t\t\t\n\n\t<div id=\"text-957378193\" class=\"text\">\n\t\t\n\n<h3 class=\"text-center x-mt-6 x-mb-3\" style=\"text-align: left;\"><span data-text-color=\"alert\">1. S\u2019inscrire<\/span><\/h3>\n<p style=\"text-align: left;\">Lorem ipsum dolor sit amet, consectetuer adipiscing elit, sed diam nonummy nibh euismod tincidunt ut laoreet dolore magna aliquam erat volutpat.<\/p>\n\t\t\n<style>\n#text-957378193 {\n  text-align: left;\n}\n<\/style>\n\t<\/div>\n\t\n\n\t\t<\/div>\n\t\t\t\t\n<style>\n#col-1731982672 > .col-inner {\n  padding: 15px 15px 15px 15px;\n}\n<\/style>\n\t<\/div>\n\n\t\n\n<\/div>\n<div class=\"row\"  id=\"row-1522116655\">\n\n\n\t<div id=\"col-1937187509\" class=\"col small-12 large-12\"  >\n\t\t\t\t<div class=\"col-inner text-center\"  >\n\t\t\t\n\t\t\t\n\n<a class=\"button secondary is-large\" style=\"border-radius:99px;\">\n\t\t<span>Commencer le processus<\/span>\n\t<\/a>\n\n\n\n\t\t<\/div>\n\t\t\t\t\t<\/div>\n\n\t\n\n<\/div>\n\n\t\t<\/div>\n\n\t\t\n<style>\n#section_602146191 {\n  padding-top: 30px;\n  padding-bottom: 30px;\n}\n#section_602146191 .section-bg-overlay {\n  background-color: rgb(217, 217, 217);\n}\n<\/style>\n\t<\/section>\n\t\n<div class=\"row\"  id=\"row-1161138051\">\n\n\n\t<div id=\"col-1787565656\" class=\"col medium-7 small-12 large-7\"  >\n\t\t\t\t<div class=\"col-inner\"  >\n\t\t\t\n\t\t\t\n\n\t<div class=\"img has-hover x md-x lg-x y md-y lg-y\" id=\"image_910796605\">\n\t\t\t\t\t\t\t\t<div class=\"img-inner dark\" >\n\t\t\t\t\t\t\t\t\t\n\t\t\t\t\t<\/div>\n\t\t\t\t\t\t\t\t\n<style>\n#image_910796605 {\n  width: 100%;\n}\n<\/style>\n\t<\/div>\n\t\n\n\t<div id=\"text-4255351639\" class=\"text\">\n\t\t\n\n<h4 class=\"uppercase\"><strong>\u00c9TApe 2\u00a0<\/strong><\/h4>\n<p>Votre conseiller en commerce \u00e9lectronique vous fournira le formulaire Excel <em>\u00ab\u00a0Demande de subvention PCAN-Qu\u00e9bec\u00a0\u00bb<\/em> pour soumettre votre demande de subvention. Ce document est divis\u00e9 en quatre sections :<\/p>\n<p><em><strong>A) Section \u00ab\u00a0D\u00e9tails de l&rsquo;organisation\u00a0\u00bb<\/strong> <\/em>: Informations g\u00e9n\u00e9rales sur votre entreprise, y compris le type et la taille de l&rsquo;organisation, le secteur d&rsquo;activit\u00e9, ainsi que vos coordonn\u00e9es et celles de la personne responsable.<\/p>\n<p><em><strong>B) Sectio<\/strong><strong>n \u00ab\u00a0\u00c9DI &#8211;<\/strong><strong>\u00c9quit\u00e9, diversit\u00e9 et inclusion\u00a0\u00bb<\/strong><\/em> : Portrait d\u00e9mographique des propri\u00e9taires de l&rsquo;entreprise.<\/p>\n<p><em><strong>C) Section \u00ab\u00a0Attestation d&rsquo;\u00e9ligibilit\u00e9\u00a0\u00bb :<\/strong><\/em> Certification de l&rsquo;\u00e9ligibilit\u00e9 de votre entreprise selon les crit\u00e8res \u00e9tablis.<\/p>\n<p><em><strong>D) Section \u00ab\u00a0Description du projet\u00a0\u00bb<\/strong> <\/em>: Description du probl\u00e8me \u00e0 r\u00e9soudre en mati\u00e8re de commerce \u00e9lectronique, identification des activit\u00e9s \u00e0 r\u00e9aliser, d\u00e9finition d&rsquo;indicateurs pour mesurer les objectifs, budget demand\u00e9 pour chaque activit\u00e9, dates de d\u00e9but et de fin des activit\u00e9s.<\/p>\n<p>Une fois compl\u00e9t\u00e9, le formulaire doit \u00eatre envoy\u00e9 \u00e0 <a href=\"mailto:subvention@pcan-quebec.ca\" target=\"_new\" rel=\"noopener\">subvention@pcan-quebec.ca<\/a>, en incluant le nom de votre entreprise dans le courriel. Lorsque votre dossier de candidature est re\u00e7u par les analystes des subventions, vous recevrez automatiquement une notification de r\u00e9ception<\/p>\n\t\t\n<style>\n#text-4255351639 {\n  line-height: 1.65;\n  color: rgb(0,0,0);\n}\n#text-4255351639 > * {\n  color: rgb(0,0,0);\n}\n<\/style>\n\t<\/div>\n\t\n<h4><strong>\u00c9TAPE 3<\/strong><\/h4>\n<p>Les dossiers de candidature seront analys\u00e9s pour v\u00e9rifier l&rsquo;\u00e9ligibilit\u00e9 de l&rsquo;entreprise et des activit\u00e9s du projet. Si le projet est approuv\u00e9, une entente de financement sera envoy\u00e9e \u00e0 l&rsquo;entreprise dans les quatre jours ouvrables suivant la r\u00e9ception. Ce document, sign\u00e9 par le PCAN-Qu\u00e9bec et l&rsquo;entreprise b\u00e9n\u00e9ficiaire, pr\u00e9cise les engagements et responsabilit\u00e9s de chaque partie. Il comprend \u00e9galement une liste de contr\u00f4le en annexe, indiquant les pi\u00e8ces justificatives requises pour la demande de versement de la micro subvention.<\/p>\n<p>Si le projet pr\u00e9sente des incoh\u00e9rences qui emp\u00eachent une acceptation imm\u00e9diate, l&rsquo;entreprise recevra une liste de recommandations pour ajuster le projet et le soumettre \u00e0 nouveau. Apr\u00e8s avoir envoy\u00e9 le dossier corrig\u00e9, l&rsquo;entreprise recevra l&rsquo;entente de financement si le projet est approuv\u00e9. Dans le cas contraire, elle recevra une lettre officielle de rejet avec les justifications correspondantes, dans un d\u00e9lai de 72 heures.<\/p>\n<h4><strong>\u00c9tape 4<\/strong><\/h4>\n<p>D\u00e8s r\u00e9ception de l&rsquo;entente de financement, l&rsquo;entreprise b\u00e9n\u00e9ficiaire peut imm\u00e9diatement commencer la mise en \u0153uvre des activit\u00e9s pr\u00e9vues dans le projet, en respectant le calendrier \u00e9tabli. Pendant cette phase, il est important que l&rsquo;entreprise b\u00e9n\u00e9ficiaire rassemble toutes les pi\u00e8ces justificatives mentionn\u00e9es dans la liste de contr\u00f4le jointe \u00e0 l&rsquo;entente de financement, car elles seront n\u00e9cessaires pour la demande de versement de la microsubvention.<\/p>\n<h4><strong>\u00c9tape 5<\/strong><\/h4>\n<p>Une fois que l&rsquo;entreprise a effectu\u00e9 les investissements pr\u00e9vus dans le projet approuv\u00e9, elle doit envoyer l&rsquo;entente de subvention sign\u00e9e ainsi que les documents justificatifs (factures et preuves de d\u00e9caissement).\u00a0Les factures doivent inclure le num\u00e9ro d&rsquo;activit\u00e9 indiqu\u00e9 dans la liste de contr\u00f4le de l&rsquo;entente, ainsi que le num\u00e9ro de la facture.\u00a0<\/p>\n<p>De plus, l&rsquo;entreprise b\u00e9n\u00e9ficiaire doit fournir le document \u00ab\u00a0Informations bancaires du b\u00e9n\u00e9ficiaire\u00a0\u00bb, accompagn\u00e9 d&rsquo;un sp\u00e9cimen de ch\u00e8que de l&rsquo;entreprise ou d&rsquo;une lettre de la banque certifiant les coordonn\u00e9es bancaires.<\/p>\n<p>Assurez-vous de respecter ces directives lors de l&rsquo;envoi des documents requis pour la subvention PCAN.<\/p>\n<h4><strong>\u00c9tape 6<\/strong><\/h4>\n<p>Les documents de demande de versement seront examin\u00e9s et, s&rsquo;ils sont valides, le transfert \u00e9lectronique de fonds (TEF) sera effectu\u00e9 dans un d\u00e9lai de quatre jours ouvrables apr\u00e8s leur r\u00e9ception. L&rsquo;entreprise b\u00e9n\u00e9ficiaire recevra une notification confirmant le TEF. Cependant, les fonds seront cr\u00e9dit\u00e9s sur le compte bancaire dans un d\u00e9lai de 5 \u00e0 7 jours ouvrables apr\u00e8s r\u00e9ception de la notification TEF.<\/p>\n<p>Trois mois apr\u00e8s avoir re\u00e7u les fonds du projet, l&rsquo;entreprise sera contact\u00e9e pour un suivi visant \u00e0 \u00e9valuer les impacts du PCAN-Qu\u00e9bec sur sa sant\u00e9 financi\u00e8re et l&rsquo;augmentation des ventes gr\u00e2ce aux solutions de commerce \u00e9lectronique mises en place.<\/p>\n\n\t\t<\/div>\n\t\t\t\t\t<\/div>\n\n\t\n\n\t<div id=\"col-497978199\" class=\"col medium-5 small-12 large-5 col-divided\"  >\n\t\t\t\t<div class=\"col-inner\"  >\n\t\t\t\n\t\t\t\n\n<h4 class=\"uppercase\"><strong>\u00c9tape 1<\/strong><\/h4>\n<p><em><strong>Pour commencer\u2014<\/strong><\/em> Remplir le formulaire d\u2019int\u00e9r\u00eat pour obtenir l\u2019accompagnement<br \/>Demande de subvention | PCAN (pcan-quebec.ca)\u00a0<\/p>\n<p>Pour optimiser votre demande de subvention PCAN, il est essentiel d&rsquo;identifier et de prioriser les besoins de votre entreprise. Nous offrons l&rsquo;accompagnement gratuit pour faciliter ce processus du d\u00e9but \u00e0 la fin. Un conseiller en commerce \u00e9lectronique vous aidera \u00e0 diagnostiquer vos besoins, prioriser les actions \u00e0 entreprendre et d\u00e9finir les mesures n\u00e9cessaires pour am\u00e9liorer vos activit\u00e9s commerciales en ligne. <em><strong>Planifiez une rencontre avec un conseiller d\u00e8s maintenant.<\/strong><\/em><\/p>\n<a class=\"button primary\" >\n\t\t<span>R\u00e9servez<\/span>\n\t<\/a>\n\n\n\n\t\t<\/div>\n\t\t\t\t\t<\/div>\n\n\t\n\n<\/div>\n\n\t<section class=\"section\" id=\"section_1866928668\">\n\t\t<div class=\"section-bg fill\" >\n\t\t\t\t\t\t\t\t\t\n\t\t\t\n\n\t\t<\/div>\n\n\t\t\n\n\t\t<div class=\"section-content relative\">\n\t\t\t\n\n<div class=\"row\"  id=\"row-1486752655\">\n\n\n\t<div id=\"col-1794113531\" class=\"col small-12 large-12\"  >\n\t\t\t\t<div class=\"col-inner\"  >\n\t\t\t\n\t\t\t\n\n\n\t\t<\/div>\n\t\t\t\t\t<\/div>\n\n\t\n\n<\/div>\n<div class=\"row\"  id=\"row-1289224013\">\n\n\n\t<div id=\"col-2000384740\" class=\"col medium-4 small-12 large-4\"  >\n\t\t\t\t<div class=\"col-inner\"  >\n\t\t\t\n\t\t\t\n\n\t<div class=\"box has-hover   has-hover box-text-bottom\" >\n\n\t\t<div class=\"box-image\" >\n\t\t\t\t\t\t<div class=\"\" >\n\t\t\t\t<img decoding=\"async\" src=\"https:\/\/seo-montreal.com\/wp-content\/themes\/flatsome\/assets\/img\/missing.jpg\" \/>\t\t\t\t\t\t\t\t\t\t\t<\/div>\n\t\t\t\t\t<\/div>\n\n\t\t<div class=\"box-text text-center\" >\n\t\t\t<div class=\"box-text-inner\">\n\t\t\t\t\n\n<h4>A title<\/h4>\n<p>Image Box text<\/p>\n\n\t\t\t<\/div>\n\t\t<\/div>\n\t<\/div>\n\t\n\n\t\t<\/div>\n\t\t\t\t\t<\/div>\n\n\t\n\n\t<div id=\"col-84999686\" class=\"col medium-4 small-12 large-4\"  >\n\t\t\t\t<div class=\"col-inner\"  >\n\t\t\t\n\t\t\t\n\n\n\t\t<\/div>\n\t\t\t\t\t<\/div>\n\n\t\n\n\t<div id=\"col-1063198146\" class=\"col medium-4 small-12 large-4\"  >\n\t\t\t\t<div class=\"col-inner\"  >\n\t\t\t\n\t\t\t\n\n\n\t\t<\/div>\n\t\t\t\t\t<\/div>\n\n\t\n\n<\/div>\n\n\t\t<\/div>\n\n\t\t\n<style>\n#section_1866928668 {\n  padding-top: 30px;\n  padding-bottom: 30px;\n}\n<\/style>\n\t<\/section>\n\t\n\n","protected":false},"excerpt":{"rendered":"","protected":false},"author":1,"featured_media":0,"parent":0,"menu_order":0,"comment_status":"closed","ping_status":"closed","template":"page-blank.php","meta":{"footnotes":""},"class_list":["post-406","page","type-page","status-publish","hentry"],"_links":{"self":[{"href":"https:\/\/seo-montreal.com\/fr\/wp-json\/wp\/v2\/pages\/406","targetHints":{"allow":["GET"]}}],"collection":[{"href":"https:\/\/seo-montreal.com\/fr\/wp-json\/wp\/v2\/pages"}],"about":[{"href":"https:\/\/seo-montreal.com\/fr\/wp-json\/wp\/v2\/types\/page"}],"author":[{"embeddable":true,"href":"https:\/\/seo-montreal.com\/fr\/wp-json\/wp\/v2\/users\/1"}],"replies":[{"embeddable":true,"href":"https:\/\/seo-montreal.com\/fr\/wp-json\/wp\/v2\/comments?post=406"}],"version-history":[{"count":4,"href":"https:\/\/seo-montreal.com\/fr\/wp-json\/wp\/v2\/pages\/406\/revisions"}],"predecessor-version":[{"id":532,"href":"https:\/\/seo-montreal.com\/fr\/wp-json\/wp\/v2\/pages\/406\/revisions\/532"}],"wp:attachment":[{"href":"https:\/\/seo-montreal.com\/fr\/wp-json\/wp\/v2\/media?parent=406"}],"curies":[{"name":"wp","href":"https:\/\/api.w.org\/{rel}","templated":true}]}}